{"id":4400,"date":"2021-10-12T15:51:09","date_gmt":"2021-10-12T15:51:09","guid":{"rendered":"http:\/\/dummy.xtemos.com\/woodmart2\/elementor\/?page_id=4400"},"modified":"2024-06-25T19:40:33","modified_gmt":"2024-06-25T22:40:33","slug":"about-us-3","status":"publish","type":"page","link":"https:\/\/grupodayo.com\/index.php\/about-us-3\/","title":{"rendered":"About us"},"content":{"rendered":"\t\t<div data-elementor-type=\"wp-page\" data-elementor-id=\"4400\" class=\"elementor elementor-4400\">\n\t\t\t\t<div class=\"elementor-element elementor-element-1c90c3f wd-section-stretch e-flex e-con-boxed e-con e-parent\" data-id=\"1c90c3f\" data-element_type=\"container\" data-settings=\"{&quot;background_background&quot;:&quot;classic&quot;}\">\n\t\t\t\t\t<div class=\"e-con-inner\">\n\t\t\t\t<div class=\"elementor-element elementor-element-5d57672 elementor-widget__width-initial elementor-widget-tablet__width-inherit wd-width-100 elementor-widget elementor-widget-wd_title\" data-id=\"5d57672\" data-element_type=\"widget\" data-widget_type=\"wd_title.default\">\n\t\t\t\t<div class=\"elementor-widget-container\">\n\t\t\t\t\t<div class=\"title-wrapper set-mb-s reset-last-child wd-title-color-primary wd-title-style-default wd-title-size-large text-left\">\n\n\t\t\t\t\t\t\t<div class=\"title-subtitle subtitle-color-primary subtitle-style-default wd-fontsize-xs\">\n\t\t\t\t\tSOBRE N\u00d3S\t\t\t\t<\/div>\n\t\t\t\n\t\t\t<div class=\"liner-continer\">\n\t\t\t\t<h4 class=\"woodmart-title-container title wd-fontsize-xxl\">O trabalho em equipe bem coordenado fala sobre n\u00f3s<\/h4> \n\t\t\t\t\t\t\t<\/div>\n\n\t\t\t\t\t<\/div>\n\t\t\t\t<\/div>\n\t\t\t\t<\/div>\n\t\t\t\t\t<\/div>\n\t\t\t\t<\/div>\n\t\t<div class=\"elementor-element elementor-element-7c7c544 e-flex e-con-boxed e-con e-parent\" data-id=\"7c7c544\" data-element_type=\"container\">\n\t\t\t\t\t<div class=\"e-con-inner\">\n\t\t<div class=\"elementor-element elementor-element-e7cb5cd e-con-full e-flex e-con e-child\" data-id=\"e7cb5cd\" data-element_type=\"container\">\n\t\t\t\t<div class=\"elementor-element elementor-element-56aec39 elementor-widget elementor-widget-wd_image_or_svg\" data-id=\"56aec39\" data-element_type=\"widget\" data-widget_type=\"wd_image_or_svg.default\">\n\t\t\t\t<div class=\"elementor-widget-container\">\n\t\t\t\n\t\t<div class=\"wd-image text-left\">\n\t\t\t\t\t\t\t\t<img fetchpriority=\"high\" decoding=\"async\" width=\"580\" height=\"580\" src=\"https:\/\/grupodayo.com\/wp-content\/uploads\/2021\/10\/about-us-3-image-1.jpg\" class=\"attachment-full size-full\" alt=\"\" \/>\t\t\t\t\t<\/div>\n\n\t\t\t\t<\/div>\n\t\t\t\t<\/div>\n\t\t\t\t<\/div>\n\t\t<div class=\"elementor-element elementor-element-97d6084 e-con-full e-flex e-con e-child\" data-id=\"97d6084\" data-element_type=\"container\">\n\t\t\t\t<div class=\"elementor-element elementor-element-98d830b elementor-widget__width-initial wd-width-100 elementor-widget elementor-widget-wd_title\" data-id=\"98d830b\" data-element_type=\"widget\" data-widget_type=\"wd_title.default\">\n\t\t\t\t<div class=\"elementor-widget-container\">\n\t\t\t\t\t<div class=\"title-wrapper set-mb-s reset-last-child wd-title-color-primary wd-title-style-default wd-title-size-large text-left\">\n\n\t\t\t\t\t\t\t<div class=\"title-subtitle subtitle-color-primary subtitle-style-default wd-fontsize-xs\">\n\t\t\t\t\tDESIGN ELEGANTE<br \/>\n\t\t\t\t<\/div>\n\t\t\t\n\t\t\t<div class=\"liner-continer\">\n\t\t\t\t<h4 class=\"woodmart-title-container title wd-fontsize-xxl\">Sobre nossa loja on-line<br \/>\n<\/h4> \n\t\t\t\t\t\t\t<\/div>\n\n\t\t\t\t\t\t\t<div class=\"title-after_title set-cont-mb-s reset-last-child wd-fontsize-s\">\n\t\t\t\t\t<p>Na Lume, combinamos a conveni\u00eancia das compras online com a qualidade e a eleg\u00e2ncia de uma experi\u00eancia \u00fanica em acess\u00f3rios.<\/p>\t\t\t\t<\/div>\n\t\t\t\t\t<\/div>\n\t\t\t\t<\/div>\n\t\t\t\t<\/div>\n\t\t\t\t<div class=\"elementor-element elementor-element-66e47ad elementor-widget elementor-widget-wd_text_block\" data-id=\"66e47ad\" data-element_type=\"widget\" data-widget_type=\"wd_text_block.default\">\n\t\t\t\t<div class=\"elementor-widget-container\">\n\t\t\t\t\t<div class=\"wd-text-block reset-last-child text-left\">\n\t\t\t\n\t\t\t<p>Bem-vindo \u00e0 Lume, onde a beleza encontra a sofistica\u00e7\u00e3o em cada detalhe. Fundada com a paix\u00e3o por acess\u00f3rios que transcendem o tempo, nossa miss\u00e3o \u00e9 oferecer uma cole\u00e7\u00e3o exclusiva de j\u00f3ias e acess\u00f3rios que capturam a ess\u00eancia da eleg\u00e2ncia moderna. Cada pe\u00e7a na Lume \u00e9 cuidadosamente selecionada e projetada para refletir n\u00e3o apenas estilo, mas tamb\u00e9m qualidade e artesanato excepcional. Estamos aqui para ajud\u00e1-lo a descobrir e celebrar sua pr\u00f3pria beleza \u00fanica, com acess\u00f3rios que iluminam cada momento da sua jornada.<\/p>\n\t\t\t\t\t<\/div>\n\t\t\t\t<\/div>\n\t\t\t\t<\/div>\n\t\t<div class=\"elementor-element elementor-element-3eef7d8 e-con-full e-flex e-con e-child\" data-id=\"3eef7d8\" data-element_type=\"container\">\n\t\t\t\t<div class=\"elementor-element elementor-element-cee0b0c elementor-widget__width-initial elementor-widget elementor-widget-wd_text_block\" data-id=\"cee0b0c\" data-element_type=\"widget\" data-widget_type=\"wd_text_block.default\">\n\t\t\t\t<div class=\"elementor-widget-container\">\n\t\t\t\t\t<div class=\"wd-text-block reset-last-child text-left\">\n\t\t\t\n\t\t\t<p><a href=\"https:\/\/agenciadayo.com.br\"><strong><em>Desenvolvido por Ag\u00eancia DaYo @ 2024<\/em><\/strong><\/a><\/p>\n\t\t\t\t\t<\/div>\n\t\t\t\t<\/div>\n\t\t\t\t<\/div>\n\t\t\t\t<div class=\"elementor-element elementor-element-ee232e9 elementor-widget__width-auto elementor-hidden-phone elementor-widget elementor-widget-wd_social_buttons\" data-id=\"ee232e9\" data-element_type=\"widget\" data-widget_type=\"wd_social_buttons.default\">\n\t\t\t\t<div class=\"elementor-widget-container\">\n\t\t\t\n\t\t\t<div class=\" wd-social-icons icons-design-colored-alt icons-size-small color-scheme-dark social-share social-form-circle text-left\">\n\n\t\t\t\t\n\t\t\t\t\t\t\t\t\t<a rel=\"noopener noreferrer nofollow\" href=\"https:\/\/www.facebook.com\/sharer\/sharer.php?u=https:\/\/grupodayo.com\/index.php\/about-us-3\/\" target=\"_blank\" class=\" wd-social-icon social-facebook\" aria-label=\"Link social do Facebook\">\n\t\t\t\t\t\t<span class=\"wd-icon\"><\/span>\n\t\t\t\t\t\t\t\t\t\t\t<\/a>\n\t\t\t\t\n\t\t\t\t\t\t\t\t\t<a rel=\"noopener noreferrer nofollow\" href=\"https:\/\/x.com\/share?url=https:\/\/grupodayo.com\/index.php\/about-us-3\/\" target=\"_blank\" class=\" wd-social-icon social-twitter\" aria-label=\"X social link\">\n\t\t\t\t\t\t<span class=\"wd-icon\"><\/span>\n\t\t\t\t\t\t\t\t\t\t\t<\/a>\n\t\t\t\t\n\t\t\t\t\n\t\t\t\t\n\t\t\t\t\n\t\t\t\t\t\t\t\t\t<a rel=\"noopener noreferrer nofollow\" href=\"https:\/\/pinterest.com\/pin\/create\/button\/?url=https:\/\/grupodayo.com\/index.php\/about-us-3\/&media=https:\/\/grupodayo.com\/wp-includes\/images\/media\/default.svg&description=About+us\" target=\"_blank\" class=\" wd-social-icon social-pinterest\" aria-label=\"Link social do Pinterest\">\n\t\t\t\t\t\t<span class=\"wd-icon\"><\/span>\n\t\t\t\t\t\t\t\t\t\t\t<\/a>\n\t\t\t\t\n\t\t\t\t\n\t\t\t\t\t\t\t\t\t<a rel=\"noopener noreferrer nofollow\" href=\"https:\/\/www.linkedin.com\/shareArticle?mini=true&url=https:\/\/grupodayo.com\/index.php\/about-us-3\/\" target=\"_blank\" class=\" wd-social-icon social-linkedin\" aria-label=\"Link social do Linkedin\">\n\t\t\t\t\t\t<span class=\"wd-icon\"><\/span>\n\t\t\t\t\t\t\t\t\t\t\t<\/a>\n\t\t\t\t\n\t\t\t\t\n\t\t\t\t\n\t\t\t\t\n\t\t\t\t\n\t\t\t\t\n\t\t\t\t\n\t\t\t\t\n\t\t\t\t\n\t\t\t\t\n\t\t\t\t\t\t\t\t\n\t\t\t\t\t\t\t\t\n\t\t\t\t\n\t\t\t\t\n\t\t\t\t\t\t\t\t\t<a rel=\"noopener noreferrer nofollow\" href=\"https:\/\/telegram.me\/share\/url?url=https:\/\/grupodayo.com\/index.php\/about-us-3\/\" target=\"_blank\" class=\" wd-social-icon social-tg\" aria-label=\"Link social do Telegram\">\n\t\t\t\t\t\t<span class=\"wd-icon\"><\/span>\n\t\t\t\t\t\t\t\t\t\t\t<\/a>\n\t\t\t\t\t\t\t\t\n\t\t\t\t\n\t\t\t<\/div>\n\n\t\t\t\t<\/div>\n\t\t\t\t<\/div>\n\t\t\t\t<\/div>\n\t\t\t\t<\/div>\n\t\t\t\t\t<\/div>\n\t\t\t\t<\/div>\n\t\t<div class=\"elementor-element elementor-element-f168c0a e-flex e-con-boxed e-con e-parent\" data-id=\"f168c0a\" data-element_type=\"container\">\n\t\t\t\t\t<div class=\"e-con-inner\">\n\t\t<div class=\"elementor-element elementor-element-5642404 e-con-full e-flex e-con e-child\" data-id=\"5642404\" data-element_type=\"container\">\n\t\t\t\t<div class=\"elementor-element elementor-element-6cf5219 wd-width-100 elementor-widget elementor-widget-wd_video\" data-id=\"6cf5219\" data-element_type=\"widget\" data-widget_type=\"wd_video.default\">\n\t\t\t\t<div class=\"elementor-widget-container\">\n\t\t\t\n\t\t<div class=\"wd-el-video wd-action-overlay wd-video-youtube wd-with-aspect-ratio\">\n\t\t\t\t\t\t\t<iframe data-lazy-load=\"https:\/\/www.youtube.com\/embed\/XHOmBV4js_E?feature=oembed&loop=0&mute=0&controls=1\" allowfullscreen allow=\"accelerometer; autoplay; encrypted-media; gyroscope; picture-in-picture\" width=\"100%\" height=\"100%\" loading=\"lazy\"><\/iframe>\t\t\t\n\t\t\t\n\t\t\t\n\t\t\t\t\t\t\t<div class=\"wd-el-video-overlay wd-fill\">\n\t\t\t\t\t<img decoding=\"async\" width=\"580\" height=\"340\" src=\"https:\/\/grupodayo.com\/wp-content\/uploads\/2021\/10\/about-us-3-video-1.jpg\" class=\"attachment-full size-full\" alt=\"\" \/>\t\t\t\t<\/div>\n\t\t\t\t<div class=\"wd-el-video-control color-scheme-light wd-fill\">\n\t\t\t\t\t<span class=\"wd-el-video-play-btn\"><\/span>\n\t\t\t\t\t\t\t\t\t<\/div>\n\n\t\t\t\t<a class=\"wd-el-video-link wd-el-video-btn-overlay wd-fill\" href=\"https:\/\/www.youtube.com\/watch?v=XHOmBV4js_E\"><\/a>\n\t\t\t\t\t<\/div>\n\t\t\t\t<\/div>\n\t\t\t\t<\/div>\n\t\t\t\t<div class=\"elementor-element elementor-element-3cc9380 wd-width-100 elementor-widget elementor-widget-wd_title\" data-id=\"3cc9380\" data-element_type=\"widget\" data-widget_type=\"wd_title.default\">\n\t\t\t\t<div class=\"elementor-widget-container\">\n\t\t\t\t\t<div class=\"title-wrapper set-mb-s reset-last-child wd-title-color-default wd-title-style-default wd-title-size-default text-left\">\n\n\t\t\t\n\t\t\t<div class=\"liner-continer\">\n\t\t\t\t<h4 class=\"woodmart-title-container title wd-fontsize-l\">Hist\u00f3ria e fatos da nossa empresa<br \/>\n<\/h4> \n\t\t\t\t\t\t\t<\/div>\n\n\t\t\t\t\t<\/div>\n\t\t\t\t<\/div>\n\t\t\t\t<\/div>\n\t\t\t\t<div class=\"elementor-element elementor-element-6aa2027 elementor-widget elementor-widget-wd_text_block\" data-id=\"6aa2027\" data-element_type=\"widget\" data-widget_type=\"wd_text_block.default\">\n\t\t\t\t<div class=\"elementor-widget-container\">\n\t\t\t\t\t<div class=\"wd-text-block reset-last-child text-left\">\n\t\t\t\n\t\t\t<p>Eu seria incapaz de desenhar um \u00fanico tra\u00e7o neste momento; e ainda assim sinto que nunca fui um artista melhor do que agora.<\/p>\n\t\t\t\t\t<\/div>\n\t\t\t\t<\/div>\n\t\t\t\t<\/div>\n\t\t\t\t<\/div>\n\t\t<div class=\"elementor-element elementor-element-b67633c e-con-full e-flex e-con e-child\" data-id=\"b67633c\" data-element_type=\"container\">\n\t\t\t\t<div class=\"elementor-element elementor-element-fbc0b44 wd-width-100 elementor-widget elementor-widget-wd_video\" data-id=\"fbc0b44\" data-element_type=\"widget\" data-widget_type=\"wd_video.default\">\n\t\t\t\t<div class=\"elementor-widget-container\">\n\t\t\t\n\t\t<div class=\"wd-el-video wd-action-overlay wd-video-youtube wd-with-aspect-ratio\">\n\t\t\t\t\t\t\t<iframe data-lazy-load=\"https:\/\/www.youtube.com\/embed\/XHOmBV4js_E?feature=oembed&loop=0&mute=0&controls=1\" allowfullscreen allow=\"accelerometer; autoplay; encrypted-media; gyroscope; picture-in-picture\" width=\"100%\" height=\"100%\" loading=\"lazy\"><\/iframe>\t\t\t\n\t\t\t\n\t\t\t\n\t\t\t\t\t\t\t<div class=\"wd-el-video-overlay wd-fill\">\n\t\t\t\t\t<img decoding=\"async\" width=\"580\" height=\"340\" src=\"https:\/\/grupodayo.com\/wp-content\/uploads\/2021\/10\/about-us-3-video-2.jpg\" class=\"attachment-full size-full\" alt=\"\" \/>\t\t\t\t<\/div>\n\t\t\t\t<div class=\"wd-el-video-control color-scheme-light wd-fill\">\n\t\t\t\t\t<span class=\"wd-el-video-play-btn\"><\/span>\n\t\t\t\t\t\t\t\t\t<\/div>\n\n\t\t\t\t<a class=\"wd-el-video-link wd-el-video-btn-overlay wd-fill\" href=\"https:\/\/www.youtube.com\/watch?v=XHOmBV4js_E\"><\/a>\n\t\t\t\t\t<\/div>\n\t\t\t\t<\/div>\n\t\t\t\t<\/div>\n\t\t\t\t<div class=\"elementor-element elementor-element-5fcf642 wd-width-100 elementor-widget elementor-widget-wd_title\" data-id=\"5fcf642\" data-element_type=\"widget\" data-widget_type=\"wd_title.default\">\n\t\t\t\t<div class=\"elementor-widget-container\">\n\t\t\t\t\t<div class=\"title-wrapper set-mb-s reset-last-child wd-title-color-default wd-title-style-default wd-title-size-default text-left\">\n\n\t\t\t\n\t\t\t<div class=\"liner-continer\">\n\t\t\t\t<h4 class=\"woodmart-title-container title wd-fontsize-l\">Projeto &amp; demonstra\u00e7\u00e3o do processo de desenvolvimento<\/h4> \n\t\t\t\t\t\t\t<\/div>\n\n\t\t\t\t\t<\/div>\n\t\t\t\t<\/div>\n\t\t\t\t<\/div>\n\t\t\t\t<div class=\"elementor-element elementor-element-ffcd5eb elementor-widget elementor-widget-wd_text_block\" data-id=\"ffcd5eb\" data-element_type=\"widget\" data-widget_type=\"wd_text_block.default\">\n\t\t\t\t<div class=\"elementor-widget-container\">\n\t\t\t\t\t<div class=\"wd-text-block reset-last-child text-left\">\n\t\t\t\n\t\t\t<p>Uma serenidade maravilhosa tomou conta de toda a minha alma, como estas doces manh\u00e3s de primavera que desfruto de todo o cora\u00e7\u00e3o.<\/p>\n\t\t\t\t\t<\/div>\n\t\t\t\t<\/div>\n\t\t\t\t<\/div>\n\t\t\t\t<\/div>\n\t\t\t\t\t<\/div>\n\t\t\t\t<\/div>\n\t\t\t\t<\/div>\n\t\t","protected":false},"excerpt":{"rendered":"<p>SOBRE N\u00d3S O trabalho em equipe bem coordenado fala sobre n\u00f3s DESIGN ELEGANTE Sobre nossa loja on-line Na Lume, combinamos<\/p>\n","protected":false},"author":1,"featured_media":0,"parent":0,"menu_order":0,"comment_status":"closed","ping_status":"closed","template":"","meta":{"footnotes":""},"class_list":["post-4400","page","type-page","status-publish","hentry"],"_links":{"self":[{"href":"https:\/\/grupodayo.com\/index.php\/wp-json\/wp\/v2\/pages\/4400","targetHints":{"allow":["GET"]}}],"collection":[{"href":"https:\/\/grupodayo.com\/index.php\/wp-json\/wp\/v2\/pages"}],"about":[{"href":"https:\/\/grupodayo.com\/index.php\/wp-json\/wp\/v2\/types\/page"}],"author":[{"embeddable":true,"href":"https:\/\/grupodayo.com\/index.php\/wp-json\/wp\/v2\/users\/1"}],"replies":[{"embeddable":true,"href":"https:\/\/grupodayo.com\/index.php\/wp-json\/wp\/v2\/comments?post=4400"}],"version-history":[{"count":6,"href":"https:\/\/grupodayo.com\/index.php\/wp-json\/wp\/v2\/pages\/4400\/revisions"}],"predecessor-version":[{"id":27130,"href":"https:\/\/grupodayo.com\/index.php\/wp-json\/wp\/v2\/pages\/4400\/revisions\/27130"}],"wp:attachment":[{"href":"https:\/\/grupodayo.com\/index.php\/wp-json\/wp\/v2\/media?parent=4400"}],"curies":[{"name":"wp","href":"https:\/\/api.w.org\/{rel}","templated":true}]}}